{"id":54,"date":"2023-10-06T18:42:53","date_gmt":"2023-10-06T15:42:53","guid":{"rendered":"https:\/\/mitaras.lt\/?page_id=54"},"modified":"2023-10-11T08:43:52","modified_gmt":"2023-10-11T05:43:52","slug":"pagrindinis","status":"publish","type":"page","link":"https:\/\/mitaras.lt\/en\/","title":{"rendered":"Home"},"content":{"rendered":"","protected":false},"excerpt":{"rendered":"","protected":false},"author":1,"featured_media":0,"parent":0,"menu_order":0,"comment_status":"closed","ping_status":"closed","template":"templates\/page-home.php","meta":{"footnotes":""},"class_list":["post-54","page","type-page","status-publish","hentry"],"acf":[],"yoast_head":"<!-- This site is optimized with the Yoast SEO plugin v21.1 - https:\/\/yoast.com\/wordpress\/plugins\/seo\/ -->\n<title>Pagrindinis - Mitaras<\/title>\n<meta name=\"description\" content=\"UAB \u201eMitaras\u201c dirba su didmeniniais klientais \u2013 stambiais ir vidutiniais maisto ir g\u0117rim\u0173 pramon\u0117s gamintojais Lietuvoje bei kaimynin\u0117se \u0161alyse.\" \/>\n<meta name=\"robots\" content=\"index, follow, max-snippet:-1, max-image-preview:large, max-video-preview:-1\" \/>\n<link rel=\"canonical\" href=\"https:\/\/mitaras.lt\/en\/\" \/>\n<meta property=\"og:locale\" content=\"en_GB\" \/>\n<meta property=\"og:type\" content=\"article\" \/>\n<meta property=\"og:title\" content=\"Pagrindinis - Mitaras\" \/>\n<meta property=\"og:description\" content=\"UAB \u201eMitaras\u201c dirba su didmeniniais klientais \u2013 stambiais ir vidutiniais maisto ir g\u0117rim\u0173 pramon\u0117s gamintojais Lietuvoje bei kaimynin\u0117se \u0161alyse.\" \/>\n<meta property=\"og:url\" content=\"https:\/\/mitaras.lt\/en\/\" \/>\n<meta property=\"og:site_name\" content=\"Mitaras\" \/>\n<meta property=\"article:modified_time\" content=\"2023-10-11T05:43:52+00:00\" \/>\n<meta name=\"twitter:card\" content=\"summary_large_image\" \/>\n<script type=\"application\/ld+json\" class=\"yoast-schema-graph\">{\"@context\":\"https:\/\/schema.org\",\"@graph\":[{\"@type\":\"WebPage\",\"@id\":\"https:\/\/mitaras.lt\/\",\"url\":\"https:\/\/mitaras.lt\/\",\"name\":\"Pagrindinis - Mitaras\",\"isPartOf\":{\"@id\":\"https:\/\/mitaras.lt\/#website\"},\"datePublished\":\"2023-10-06T15:42:53+00:00\",\"dateModified\":\"2023-10-11T05:43:52+00:00\",\"description\":\"UAB \u201eMitaras\u201c dirba su didmeniniais klientais \u2013 stambiais ir vidutiniais maisto ir g\u0117rim\u0173 pramon\u0117s gamintojais Lietuvoje bei kaimynin\u0117se \u0161alyse.\",\"breadcrumb\":{\"@id\":\"https:\/\/mitaras.lt\/#breadcrumb\"},\"inLanguage\":\"en-GB\",\"potentialAction\":[{\"@type\":\"ReadAction\",\"target\":[\"https:\/\/mitaras.lt\/\"]}]},{\"@type\":\"BreadcrumbList\",\"@id\":\"https:\/\/mitaras.lt\/#breadcrumb\",\"itemListElement\":[{\"@type\":\"ListItem\",\"position\":1,\"name\":\"Home\",\"item\":\"https:\/\/mitaras.lt\/\"},{\"@type\":\"ListItem\",\"position\":2,\"name\":\"Pagrindinis\"}]},{\"@type\":\"WebSite\",\"@id\":\"https:\/\/mitaras.lt\/#website\",\"url\":\"https:\/\/mitaras.lt\/\",\"name\":\"Mitaras\",\"description\":\"\",\"potentialAction\":[{\"@type\":\"SearchAction\",\"target\":{\"@type\":\"EntryPoint\",\"urlTemplate\":\"https:\/\/mitaras.lt\/?s={search_term_string}\"},\"query-input\":\"required name=search_term_string\"}],\"inLanguage\":\"en-GB\"}]}<\/script>\n<!-- \/ Yoast SEO plugin. -->","yoast_head_json":{"title":"Pagrindinis - Mitaras","description":"UAB \u201eMitaras\u201c dirba su didmeniniais klientais \u2013 stambiais ir vidutiniais maisto ir g\u0117rim\u0173 pramon\u0117s gamintojais Lietuvoje bei kaimynin\u0117se \u0161alyse.","robots":{"index":"index","follow":"follow","max-snippet":"max-snippet:-1","max-image-preview":"max-image-preview:large","max-video-preview":"max-video-preview:-1"},"canonical":"https:\/\/mitaras.lt\/en\/","og_locale":"en_GB","og_type":"article","og_title":"Pagrindinis - Mitaras","og_description":"UAB \u201eMitaras\u201c dirba su didmeniniais klientais \u2013 stambiais ir vidutiniais maisto ir g\u0117rim\u0173 pramon\u0117s gamintojais Lietuvoje bei kaimynin\u0117se \u0161alyse.","og_url":"https:\/\/mitaras.lt\/en\/","og_site_name":"Mitaras","article_modified_time":"2023-10-11T05:43:52+00:00","twitter_card":"summary_large_image","schema":{"@context":"https:\/\/schema.org","@graph":[{"@type":"WebPage","@id":"https:\/\/mitaras.lt\/","url":"https:\/\/mitaras.lt\/","name":"Pagrindinis - Mitaras","isPartOf":{"@id":"https:\/\/mitaras.lt\/#website"},"datePublished":"2023-10-06T15:42:53+00:00","dateModified":"2023-10-11T05:43:52+00:00","description":"UAB \u201eMitaras\u201c dirba su didmeniniais klientais \u2013 stambiais ir vidutiniais maisto ir g\u0117rim\u0173 pramon\u0117s gamintojais Lietuvoje bei kaimynin\u0117se \u0161alyse.","breadcrumb":{"@id":"https:\/\/mitaras.lt\/#breadcrumb"},"inLanguage":"en-GB","potentialAction":[{"@type":"ReadAction","target":["https:\/\/mitaras.lt\/"]}]},{"@type":"BreadcrumbList","@id":"https:\/\/mitaras.lt\/#breadcrumb","itemListElement":[{"@type":"ListItem","position":1,"name":"Home","item":"https:\/\/mitaras.lt\/"},{"@type":"ListItem","position":2,"name":"Pagrindinis"}]},{"@type":"WebSite","@id":"https:\/\/mitaras.lt\/#website","url":"https:\/\/mitaras.lt\/","name":"Mitaras","description":"","potentialAction":[{"@type":"SearchAction","target":{"@type":"EntryPoint","urlTemplate":"https:\/\/mitaras.lt\/?s={search_term_string}"},"query-input":"required name=search_term_string"}],"inLanguage":"en-GB"}]}},"_links":{"self":[{"href":"https:\/\/mitaras.lt\/en\/wp-json\/wp\/v2\/pages\/54","targetHints":{"allow":["GET"]}}],"collection":[{"href":"https:\/\/mitaras.lt\/en\/wp-json\/wp\/v2\/pages"}],"about":[{"href":"https:\/\/mitaras.lt\/en\/wp-json\/wp\/v2\/types\/page"}],"author":[{"embeddable":true,"href":"https:\/\/mitaras.lt\/en\/wp-json\/wp\/v2\/users\/1"}],"replies":[{"embeddable":true,"href":"https:\/\/mitaras.lt\/en\/wp-json\/wp\/v2\/comments?post=54"}],"version-history":[{"count":1,"href":"https:\/\/mitaras.lt\/en\/wp-json\/wp\/v2\/pages\/54\/revisions"}],"predecessor-version":[{"id":56,"href":"https:\/\/mitaras.lt\/en\/wp-json\/wp\/v2\/pages\/54\/revisions\/56"}],"wp:attachment":[{"href":"https:\/\/mitaras.lt\/en\/wp-json\/wp\/v2\/media?parent=54"}],"curies":[{"name":"wp","href":"https:\/\/api.w.org\/{rel}","templated":true}]}}